{"id":16586,"date":"2023-11-16T14:41:16","date_gmt":"2023-11-16T14:41:16","guid":{"rendered":"https:\/\/tensiomed.com\/measured-parameters\/augmentation-index\/"},"modified":"2024-02-21T14:04:26","modified_gmt":"2024-02-21T14:04:26","slug":"augmentation-index","status":"publish","type":"page","link":"https:\/\/tensiomed.com\/hu\/measured-parameters\/augmentation-index\/","title":{"rendered":"Aorta augment\u00e1ci\u00f3s index"},"content":{"rendered":"\t\t<div data-elementor-type=\"wp-page\" data-elementor-id=\"16586\" class=\"elementor elementor-16586\" data-elementor-post-type=\"page\">\n\t\t\t\t\t\t<section class=\"elementor-section elementor-top-section elementor-element elementor-element-1d9d0ac elementor-section-content-middle elementor-reverse-mobile elementor-section-boxed elementor-section-height-default elementor-section-height-default\" data-id=\"1d9d0ac\" data-element_type=\"section\">\n\t\t\t\t\t\t<div class=\"elementor-container elementor-column-gap-extended\">\n\t\t\t\t\t<div class=\"elementor-column elementor-col-100 elementor-top-column elementor-element elementor-element-af974db\" data-id=\"af974db\" data-element_type=\"column\">\n\t\t\t<div class=\"elementor-widget-wrap elementor-element-populated\">\n\t\t\t\t\t\t<div class=\"elementor-element elementor-element-faf32a9 wd-width-100 elementor-widget elementor-widget-wd_title\" data-id=\"faf32a9\" data-element_type=\"widget\" data-widget_type=\"wd_title.default\">\n\t\t\t\t<div class=\"elementor-widget-container\">\n\t\t\t\t\t\t\t\t<link rel=\"stylesheet\" id=\"wd-section-title-css\" href=\"https:\/\/tensiomed.com\/wp-content\/themes\/woodmart\/css\/parts\/el-section-title.min.css?ver=7.5.2\" type=\"text\/css\" media=\"all\" \/> \t\t\t\t\t\t<link rel=\"stylesheet\" id=\"wd-section-title-style-simple-and-brd-css\" href=\"https:\/\/tensiomed.com\/wp-content\/themes\/woodmart\/css\/parts\/el-section-title-style-simple-and-brd.min.css?ver=7.5.2\" type=\"text\/css\" media=\"all\" \/> \t\t\t\t\t<div class=\"title-wrapper set-mb-s reset-last-child wd-title-color-primary wd-title-style-bordered wd-title-size-default text-center\">\n\n\t\t\t\n\t\t\t<div class=\"liner-continer\">\n\t\t\t\t<h1 class=\"woodmart-title-container title wd-fontsize-l\">Augment\u00e1ci\u00f3s index (AIX)<br \/>\n<\/h1> \n\t\t\t\t\t\t\t<\/div>\n\n\t\t\t\t\t<\/div>\n\t\t\t\t\t\t<\/div>\n\t\t\t\t<\/div>\n\t\t\t\t<div class=\"elementor-element elementor-element-472c802 elementor-widget elementor-widget-wd_text_block\" data-id=\"472c802\" data-element_type=\"widget\" data-widget_type=\"wd_text_block.default\">\n\t\t\t\t<div class=\"elementor-widget-container\">\n\t\t\t\t\t\t\t\t<link rel=\"stylesheet\" id=\"wd-text-block-css\" href=\"https:\/\/tensiomed.com\/wp-content\/themes\/woodmart\/css\/parts\/el-text-block.min.css?ver=7.5.2\" type=\"text\/css\" media=\"all\" \/> \t\t\t\t\t<div class=\"wd-text-block reset-last-child text-left\">\n\t\t\t\n\t\t\t<p>Az augment\u00e1ci\u00f3s index (AIx) az endothel funkci\u00f3 \u00e9rt\u00e9kel\u00e9s\u00e9t tekintve kiemelked\u0151 jelent\u0151s\u00e9g\u0171 t\u00e9nyez\u0151, amely els\u0151dlegesen a perif\u00e9ri\u00e1s hull\u00e1m-visszaver\u0151d\u00e9s hat\u00e1sainak vizsg\u00e1lat\u00e1hoz k\u00f6thet\u0151. Az art\u00e9ri\u00e1k m\u0171k\u00f6d\u00e9s\u00e9nek elemz\u00e9s\u00e9hez rendk\u00edv\u00fcl fontos ennek az indexnek az ismerete, mivel az aorta \u00e9rfal\u00e1nak merevebb\u00e9 v\u00e1l\u00e1s\u00e1ra \u00e9s \u00e1raml\u00e1si ellen\u00e1ll\u00e1s\u00e1nak n\u00f6veked\u00e9s\u00e9re utal. A pulzushull\u00e1m visszaver\u0151d\u00e9se a sz\u00edv bal kamr\u00e1j\u00e1ban magasabb nyom\u00e1s\u00e9rt\u00e9ket okoz (augment\u00e1ci\u00f3 jelens\u00e9ge), amely befoly\u00e1solja az aort\u00e1ban jelentkez\u0151 szisztol\u00e9s v\u00e9rnyom\u00e1s cs\u00facs\u00e9rt\u00e9k\u00e9t. Az AIx non-invaz\u00edv m\u00e9rt\u00e9kegys\u00e9gk\u00e9nt a pulzushull\u00e1m visszaver\u0151d\u00e9s m\u00e9rt\u00e9k\u00e9t hivatott sz\u00e1mszer\u0171s\u00edteni, \u00edgy l\u00e9nyeges szereppel rendelkezik az \u00e9rfalak \u00e1llapot\u00e1nak meghat\u00e1roz\u00e1s\u00e1ban. A megn\u00f6vekedett hull\u00e1mreflexi\u00f3 non-invaz\u00edv jelz\u0151jek\u00e9nt az AIx egy kiv\u00e1l\u00f3, f\u00fcggetlen kock\u00e1zati t\u00e9nyez\u0151 a koszor\u00fa\u00e9r-betegs\u00e9g (CAD) \u00e9s korai atherosclerosis (endothel diszfunkci\u00f3) vonatkoz\u00e1s\u00e1ban. A sz\u00edv-\u00e9s \u00e9rrendszeri kock\u00e1zatok megb\u00edzhat\u00f3 el\u0151rejelz\u00e9s\u00e9t teszi lehet\u0151v\u00e9.<\/p>\n\t\t\t\t\t<\/div>\n\t\t\t\t\t\t<\/div>\n\t\t\t\t<\/div>\n\t\t\t\t<div class=\"elementor-element elementor-element-1878d6b elementor-widget elementor-widget-wd_text_block\" data-id=\"1878d6b\" data-element_type=\"widget\" data-widget_type=\"wd_text_block.default\">\n\t\t\t\t<div class=\"elementor-widget-container\">\n\t\t\t\t\t\t\t<div class=\"wd-text-block reset-last-child text-left\">\n\t\t\t\n\t\t\t<p>Az endothel diszfunkci\u00f3t, amely megn\u00f6vekedett \u00e9rrendszeri ellen\u00e1ll\u00e1s k\u00eds\u00e9ret\u00e9ben jelenik meg, az Arteriograph k\u00e9sz\u00fcl\u00e9kkel m\u00e9rhet\u0151 augment\u00e1ci\u00f3s index emelkedett \u00e9rt\u00e9ke jelzi. A magasabb AIx \u00e9rt\u00e9k a v\u00e1rhat\u00f3 sz\u00edv-\u00e9s \u00e9rrendszeri betegs\u00e9gek megn\u00f6vekedett kock\u00e1zat\u00e1ra utal, \u00e9s a kutat\u00e1sok szerint a sz\u00edvkoszor\u00fa\u00e9r-betegs\u00e9g kialakul\u00e1s\u00e1nak kock\u00e1zat\u00e1val t\u00fcnetmentes p\u00e1ciensek eset\u00e9ben is er\u0151s korrel\u00e1ci\u00f3t mutat az index \u00e9rt\u00e9ke, vagyis olyanokn\u00e1l, akiknek kor\u00e1bban nem volt ilyen jelleg\u0171 betegs\u00e9ge.<\/p>\n\t\t\t\t\t<\/div>\n\t\t\t\t\t\t<\/div>\n\t\t\t\t<\/div>\n\t\t\t\t<div class=\"elementor-element elementor-element-0c178dd elementor-widget elementor-widget-wd_text_block\" data-id=\"0c178dd\" data-element_type=\"widget\" data-widget_type=\"wd_text_block.default\">\n\t\t\t\t<div class=\"elementor-widget-container\">\n\t\t\t\t\t\t\t<div class=\"wd-text-block reset-last-child text-left\">\n\t\t\t\n\t\t\t<p>R\u00f6viden, az augment\u00e1ci\u00f3s index a teljes perif\u00e9ri\u00e1s ellen\u00e1ll\u00e1shoz (TPR) \u00e9s az arteriol\u00e1k, illetve kis art\u00e9ri\u00e1k endothel funkci\u00f3j\u00e1hoz k\u00f6thet\u0151.<\/p>\n\t\t\t\t\t<\/div>\n\t\t\t\t\t\t<\/div>\n\t\t\t\t<\/div>\n\t\t\t\t\t<\/div>\n\t\t<\/div>\n\t\t\t\t\t<\/div>\n\t\t<\/section>\n\t\t\t\t<section class=\"elementor-section elementor-top-section elementor-element elementor-element-f759c53 elementor-section-content-middle elementor-reverse-mobile elementor-reverse-tablet elementor-section-boxed elementor-section-height-default elementor-section-height-default\" data-id=\"f759c53\" data-element_type=\"section\">\n\t\t\t\t\t\t<div class=\"elementor-container elementor-column-gap-extended\">\n\t\t\t\t\t<div class=\"elementor-column elementor-col-50 elementor-top-column elementor-element elementor-element-f8848ec\" data-id=\"f8848ec\" data-element_type=\"column\">\n\t\t\t<div class=\"elementor-widget-wrap elementor-element-populated\">\n\t\t\t\t\t\t<div class=\"elementor-element elementor-element-730c111 wd-width-100 elementor-widget elementor-widget-wd_title\" data-id=\"730c111\" data-element_type=\"widget\" data-widget_type=\"wd_title.default\">\n\t\t\t\t<div class=\"elementor-widget-container\">\n\t\t\t\t\t\t\t\t<link rel=\"stylesheet\" id=\"wd-section-title-style-under-and-over-css\" href=\"https:\/\/tensiomed.com\/wp-content\/themes\/woodmart\/css\/parts\/el-section-title-style-under-and-over.min.css?ver=7.5.2\" type=\"text\/css\" media=\"all\" \/> \t\t\t\t\t<div class=\"title-wrapper set-mb-s reset-last-child wd-title-color-primary wd-title-style-underlined wd-title-size-small text-left\">\n\n\t\t\t\n\t\t\t<div class=\"liner-continer\">\n\t\t\t\t<h3 class=\"woodmart-title-container title wd-fontsize-m\">Hogyan \u00e1llap\u00edthat\u00f3 meg az AIx t\u00e9nyez\u0151 \u00e9rt\u00e9ke?<\/h3> \n\t\t\t\t\t\t\t<\/div>\n\n\t\t\t\t\t<\/div>\n\t\t\t\t\t\t<\/div>\n\t\t\t\t<\/div>\n\t\t\t\t<div class=\"elementor-element elementor-element-f45a974 elementor-widget elementor-widget-wd_text_block\" data-id=\"f45a974\" data-element_type=\"widget\" data-widget_type=\"wd_text_block.default\">\n\t\t\t\t<div class=\"elementor-widget-container\">\n\t\t\t\t\t\t\t<div class=\"wd-text-block reset-last-child text-left\">\n\t\t\t\n\t\t\t<p>A bal kamra korl\u00e1tozott mennyis\u00e9g\u0171 v\u00e9rt bocs\u00e1t ki az \u00f6sszeh\u00faz\u00f3d\u00e1sa sor\u00e1n, amely nyom\u00e1shull\u00e1mot eredm\u00e9nyez. Az augment\u00e1ci\u00f3s nyom\u00e1s az eml\u00edtett bal kamra ejekci\u00f3 \u00e1ltal l\u00e9trej\u00f6v\u0151 direkt nyom\u00e1shull\u00e1m \u00e9s a visszaver\u0151d\u00f6tt (reflekt\u00e1lt) nyom\u00e1shull\u00e1m k\u00fcl\u00f6nbs\u00e9gek\u00e9nt sz\u00e1moland\u00f3 \u2013 ez ut\u00f3bbi a perif\u00e9ri\u00e1s art\u00e9ri\u00e1k ellen\u00e1ll\u00e1s\u00e1ban jelentkez\u0151 k\u00fcl\u00f6nbs\u00e9gek eredm\u00e9nye.<\/p><p>Az AIx param\u00e9ter \u00e9rt\u00e9ke a k\u00f6vetkez\u0151 k\u00e9plettel sz\u00e1molhat\u00f3:<\/p>\n\t\t\t\t\t<\/div>\n\t\t\t\t\t\t<\/div>\n\t\t\t\t<\/div>\n\t\t\t\t<div class=\"elementor-element elementor-element-4ab8c79 elementor-widget elementor-widget-wd_text_block\" data-id=\"4ab8c79\" data-element_type=\"widget\" data-widget_type=\"wd_text_block.default\">\n\t\t\t\t<div class=\"elementor-widget-container\">\n\t\t\t\t\t\t\t<div class=\"wd-text-block reset-last-child text-center\">\n\t\t\t\n\t\t\t<p><strong><em>AIx = 100 \u00d7 ((P2-P1)\/ (PP)). ahol PP a pulzusnyom\u00e1s<\/em><\/strong><\/p>\n\t\t\t\t\t<\/div>\n\t\t\t\t\t\t<\/div>\n\t\t\t\t<\/div>\n\t\t\t\t\t<\/div>\n\t\t<\/div>\n\t\t\t\t<div class=\"elementor-column elementor-col-50 elementor-top-column elementor-element elementor-element-fa9b481\" data-id=\"fa9b481\" data-element_type=\"column\">\n\t\t\t<div class=\"elementor-widget-wrap elementor-element-populated\">\n\t\t\t\t\t\t<div class=\"elementor-element elementor-element-1c363f9 elementor-widget elementor-widget-wd_image_or_svg\" data-id=\"1c363f9\" data-element_type=\"widget\" data-widget_type=\"wd_image_or_svg.default\">\n\t\t\t\t<div class=\"elementor-widget-container\">\n\t\t\t\t\t\t\t\t<link rel=\"stylesheet\" id=\"wd-photoswipe-css\" href=\"https:\/\/tensiomed.com\/wp-content\/themes\/woodmart\/css\/parts\/lib-photoswipe.min.css?ver=7.5.2\" type=\"text\/css\" media=\"all\" \/> \t\t\t\n\t\t<div class=\"wd-image text-center photoswipe-images\">\n\t\t\t\t\t\t\t<a  href=\"https:\/\/tensiomed.com\/wp-content\/uploads\/2023\/11\/augmentation-index-aix.jpg\"data-width=\"808\" data-height=\"434\" data-elementor-open-lightbox=\"no\" aria-label=\"Image link\">\n\t\t\t\t\t\t\t\t<img fetchpriority=\"high\" decoding=\"async\" width=\"808\" height=\"434\" src=\"https:\/\/tensiomed.com\/wp-content\/uploads\/2023\/11\/augmentation-index-aix.jpg\" class=\"attachment-full size-full\" alt=\"Augmentation Index (AIx)\" srcset=\"https:\/\/tensiomed.com\/wp-content\/uploads\/2023\/11\/augmentation-index-aix.jpg 808w, https:\/\/tensiomed.com\/wp-content\/uploads\/2023\/11\/augmentation-index-aix-400x215.jpg 400w, https:\/\/tensiomed.com\/wp-content\/uploads\/2023\/11\/augmentation-index-aix-768x413.jpg 768w\" sizes=\"(max-width: 808px) 100vw, 808px\" \/>\t\t\t\t\t\t\t<\/a>\n\t\t\t\t\t<\/div>\n\n\t\t\t\t\t\t<\/div>\n\t\t\t\t<\/div>\n\t\t\t\t\t<\/div>\n\t\t<\/div>\n\t\t\t\t\t<\/div>\n\t\t<\/section>\n\t\t\t\t<\/div>\n\t\t","protected":false},"excerpt":{"rendered":"<p>Augment\u00e1ci\u00f3s index (AIX) Az augment\u00e1ci\u00f3s index (AIx) az endothel funkci\u00f3 \u00e9rt\u00e9kel\u00e9s\u00e9t tekintve kiemelked\u0151 jelent\u0151s\u00e9g\u0171 t\u00e9nyez\u0151, amely els\u0151dlegesen a perif\u00e9ri\u00e1s hull\u00e1m-visszaver\u0151d\u00e9s<\/p>\n","protected":false},"author":1,"featured_media":0,"parent":16536,"menu_order":0,"comment_status":"closed","ping_status":"closed","template":"","meta":{"footnotes":""},"class_list":["post-16586","page","type-page","status-publish","hentry"],"yoast_head":"<!-- This site is optimized with the Yoast SEO Premium plugin v21.6 (Yoast SEO v24.6) - https:\/\/yoast.com\/wordpress\/plugins\/seo\/ -->\n<title>Aorta augment\u00e1ci\u00f3s index | Arteriograph Company<\/title>\n<meta name=\"description\" content=\"Az augment\u00e1ci\u00f3s index a korai atherosclerosis \u00e9s a perif\u00e9ri\u00e1s ellen\u00e1ll\u00e1s n\u00f6veked\u00e9s er\u0151s \u00e9s nagy jelent\u0151s\u00e9g\u0171 kock\u00e1zati t\u00e9nyez\u0151je\" \/>\n<meta name=\"robots\" content=\"index, follow, max-snippet:-1, max-image-preview:large, max-video-preview:-1\" \/>\n<link rel=\"canonical\" href=\"https:\/\/tensiomed.com\/hu\/measured-parameters\/augmentation-index\/\" \/>\n<meta property=\"og:locale\" content=\"hu_HU\" \/>\n<meta property=\"og:type\" content=\"article\" \/>\n<meta property=\"og:title\" content=\"Aorta augment\u00e1ci\u00f3s index\" \/>\n<meta property=\"og:description\" content=\"Az augment\u00e1ci\u00f3s index a korai atherosclerosis \u00e9s a perif\u00e9ri\u00e1s ellen\u00e1ll\u00e1s n\u00f6veked\u00e9s er\u0151s \u00e9s nagy jelent\u0151s\u00e9g\u0171 kock\u00e1zati t\u00e9nyez\u0151je\" \/>\n<meta property=\"og:url\" content=\"https:\/\/tensiomed.com\/hu\/measured-parameters\/augmentation-index\/\" \/>\n<meta property=\"og:site_name\" content=\"Arteriograph Company\" \/>\n<meta property=\"article:publisher\" content=\"https:\/\/www.facebook.com\/tensiomed\" \/>\n<meta property=\"article:modified_time\" content=\"2024-02-21T14:04:26+00:00\" \/>\n<meta property=\"og:image\" content=\"https:\/\/tensiomed.com\/wp-content\/uploads\/2023\/11\/augmentation-index-aix.jpg\" \/>\n<meta name=\"twitter:card\" content=\"summary_large_image\" \/>\n<meta name=\"twitter:label1\" content=\"Becs\u00fclt olvas\u00e1si id\u0151\" \/>\n\t<meta name=\"twitter:data1\" content=\"2 perc\" \/>\n<script type=\"application\/ld+json\" class=\"yoast-schema-graph\">{\"@context\":\"https:\/\/schema.org\",\"@graph\":[{\"@type\":\"WebPage\",\"@id\":\"https:\/\/tensiomed.com\/hu\/measured-parameters\/augmentation-index\/\",\"url\":\"https:\/\/tensiomed.com\/hu\/measured-parameters\/augmentation-index\/\",\"name\":\"Aorta augment\u00e1ci\u00f3s index | Arteriograph Company\",\"isPartOf\":{\"@id\":\"https:\/\/tensiomed.com\/#website\"},\"primaryImageOfPage\":{\"@id\":\"https:\/\/tensiomed.com\/hu\/measured-parameters\/augmentation-index\/#primaryimage\"},\"image\":{\"@id\":\"https:\/\/tensiomed.com\/hu\/measured-parameters\/augmentation-index\/#primaryimage\"},\"thumbnailUrl\":\"https:\/\/tensiomed.com\/wp-content\/uploads\/2023\/11\/augmentation-index-aix.jpg\",\"datePublished\":\"2023-11-16T14:41:16+00:00\",\"dateModified\":\"2024-02-21T14:04:26+00:00\",\"description\":\"Az augment\u00e1ci\u00f3s index a korai atherosclerosis \u00e9s a perif\u00e9ri\u00e1s ellen\u00e1ll\u00e1s n\u00f6veked\u00e9s er\u0151s \u00e9s nagy jelent\u0151s\u00e9g\u0171 kock\u00e1zati t\u00e9nyez\u0151je\",\"breadcrumb\":{\"@id\":\"https:\/\/tensiomed.com\/hu\/measured-parameters\/augmentation-index\/#breadcrumb\"},\"inLanguage\":\"hu\",\"potentialAction\":[{\"@type\":\"ReadAction\",\"target\":[\"https:\/\/tensiomed.com\/hu\/measured-parameters\/augmentation-index\/\"]}]},{\"@type\":\"ImageObject\",\"inLanguage\":\"hu\",\"@id\":\"https:\/\/tensiomed.com\/hu\/measured-parameters\/augmentation-index\/#primaryimage\",\"url\":\"https:\/\/tensiomed.com\/wp-content\/uploads\/2023\/11\/augmentation-index-aix.jpg\",\"contentUrl\":\"https:\/\/tensiomed.com\/wp-content\/uploads\/2023\/11\/augmentation-index-aix.jpg\"},{\"@type\":\"BreadcrumbList\",\"@id\":\"https:\/\/tensiomed.com\/hu\/measured-parameters\/augmentation-index\/#breadcrumb\",\"itemListElement\":[{\"@type\":\"ListItem\",\"position\":1,\"name\":\"Home\",\"item\":\"https:\/\/tensiomed.com\/\"},{\"@type\":\"ListItem\",\"position\":2,\"name\":\"Param\u00e9terek\",\"item\":\"https:\/\/tensiomed.com\/hu\/measured-parameters\/\"},{\"@type\":\"ListItem\",\"position\":3,\"name\":\"Aorta augment\u00e1ci\u00f3s index\"}]},{\"@type\":\"WebSite\",\"@id\":\"https:\/\/tensiomed.com\/#website\",\"url\":\"https:\/\/tensiomed.com\/\",\"name\":\"Arteriograph Company\",\"description\":\"Pulse Wave Analysis &amp; Arterial Stiffness\",\"publisher\":{\"@id\":\"https:\/\/tensiomed.com\/#organization\"},\"potentialAction\":[{\"@type\":\"SearchAction\",\"target\":{\"@type\":\"EntryPoint\",\"urlTemplate\":\"https:\/\/tensiomed.com\/?s={search_term_string}\"},\"query-input\":{\"@type\":\"PropertyValueSpecification\",\"valueRequired\":true,\"valueName\":\"search_term_string\"}}],\"inLanguage\":\"hu\"},{\"@type\":\"Organization\",\"@id\":\"https:\/\/tensiomed.com\/#organization\",\"name\":\"Arteriograph Company\",\"url\":\"https:\/\/tensiomed.com\/\",\"logo\":{\"@type\":\"ImageObject\",\"inLanguage\":\"hu\",\"@id\":\"https:\/\/tensiomed.com\/#\/schema\/logo\/image\/\",\"url\":\"https:\/\/tensiomed.com\/wp-content\/uploads\/2024\/01\/new-logo.png\",\"contentUrl\":\"https:\/\/tensiomed.com\/wp-content\/uploads\/2024\/01\/new-logo.png\",\"width\":300,\"height\":80,\"caption\":\"Arteriograph Company\"},\"image\":{\"@id\":\"https:\/\/tensiomed.com\/#\/schema\/logo\/image\/\"},\"sameAs\":[\"https:\/\/www.facebook.com\/tensiomed\",\"https:\/\/www.linkedin.com\/company\/tensiomed\/\"]}]}<\/script>\n<!-- \/ Yoast SEO Premium plugin. -->","yoast_head_json":{"title":"Aorta augment\u00e1ci\u00f3s index | Arteriograph Company","description":"Az augment\u00e1ci\u00f3s index a korai atherosclerosis \u00e9s a perif\u00e9ri\u00e1s ellen\u00e1ll\u00e1s n\u00f6veked\u00e9s er\u0151s \u00e9s nagy jelent\u0151s\u00e9g\u0171 kock\u00e1zati t\u00e9nyez\u0151je","robots":{"index":"index","follow":"follow","max-snippet":"max-snippet:-1","max-image-preview":"max-image-preview:large","max-video-preview":"max-video-preview:-1"},"canonical":"https:\/\/tensiomed.com\/hu\/measured-parameters\/augmentation-index\/","og_locale":"hu_HU","og_type":"article","og_title":"Aorta augment\u00e1ci\u00f3s index","og_description":"Az augment\u00e1ci\u00f3s index a korai atherosclerosis \u00e9s a perif\u00e9ri\u00e1s ellen\u00e1ll\u00e1s n\u00f6veked\u00e9s er\u0151s \u00e9s nagy jelent\u0151s\u00e9g\u0171 kock\u00e1zati t\u00e9nyez\u0151je","og_url":"https:\/\/tensiomed.com\/hu\/measured-parameters\/augmentation-index\/","og_site_name":"Arteriograph Company","article_publisher":"https:\/\/www.facebook.com\/tensiomed","article_modified_time":"2024-02-21T14:04:26+00:00","og_image":[{"url":"https:\/\/tensiomed.com\/wp-content\/uploads\/2023\/11\/augmentation-index-aix.jpg","type":"","width":"","height":""}],"twitter_card":"summary_large_image","twitter_misc":{"Becs\u00fclt olvas\u00e1si id\u0151":"2 perc"},"schema":{"@context":"https:\/\/schema.org","@graph":[{"@type":"WebPage","@id":"https:\/\/tensiomed.com\/hu\/measured-parameters\/augmentation-index\/","url":"https:\/\/tensiomed.com\/hu\/measured-parameters\/augmentation-index\/","name":"Aorta augment\u00e1ci\u00f3s index | Arteriograph Company","isPartOf":{"@id":"https:\/\/tensiomed.com\/#website"},"primaryImageOfPage":{"@id":"https:\/\/tensiomed.com\/hu\/measured-parameters\/augmentation-index\/#primaryimage"},"image":{"@id":"https:\/\/tensiomed.com\/hu\/measured-parameters\/augmentation-index\/#primaryimage"},"thumbnailUrl":"https:\/\/tensiomed.com\/wp-content\/uploads\/2023\/11\/augmentation-index-aix.jpg","datePublished":"2023-11-16T14:41:16+00:00","dateModified":"2024-02-21T14:04:26+00:00","description":"Az augment\u00e1ci\u00f3s index a korai atherosclerosis \u00e9s a perif\u00e9ri\u00e1s ellen\u00e1ll\u00e1s n\u00f6veked\u00e9s er\u0151s \u00e9s nagy jelent\u0151s\u00e9g\u0171 kock\u00e1zati t\u00e9nyez\u0151je","breadcrumb":{"@id":"https:\/\/tensiomed.com\/hu\/measured-parameters\/augmentation-index\/#breadcrumb"},"inLanguage":"hu","potentialAction":[{"@type":"ReadAction","target":["https:\/\/tensiomed.com\/hu\/measured-parameters\/augmentation-index\/"]}]},{"@type":"ImageObject","inLanguage":"hu","@id":"https:\/\/tensiomed.com\/hu\/measured-parameters\/augmentation-index\/#primaryimage","url":"https:\/\/tensiomed.com\/wp-content\/uploads\/2023\/11\/augmentation-index-aix.jpg","contentUrl":"https:\/\/tensiomed.com\/wp-content\/uploads\/2023\/11\/augmentation-index-aix.jpg"},{"@type":"BreadcrumbList","@id":"https:\/\/tensiomed.com\/hu\/measured-parameters\/augmentation-index\/#breadcrumb","itemListElement":[{"@type":"ListItem","position":1,"name":"Home","item":"https:\/\/tensiomed.com\/"},{"@type":"ListItem","position":2,"name":"Param\u00e9terek","item":"https:\/\/tensiomed.com\/hu\/measured-parameters\/"},{"@type":"ListItem","position":3,"name":"Aorta augment\u00e1ci\u00f3s index"}]},{"@type":"WebSite","@id":"https:\/\/tensiomed.com\/#website","url":"https:\/\/tensiomed.com\/","name":"Arteriograph Company","description":"Pulse Wave Analysis &amp; Arterial Stiffness","publisher":{"@id":"https:\/\/tensiomed.com\/#organization"},"potentialAction":[{"@type":"SearchAction","target":{"@type":"EntryPoint","urlTemplate":"https:\/\/tensiomed.com\/?s={search_term_string}"},"query-input":{"@type":"PropertyValueSpecification","valueRequired":true,"valueName":"search_term_string"}}],"inLanguage":"hu"},{"@type":"Organization","@id":"https:\/\/tensiomed.com\/#organization","name":"Arteriograph Company","url":"https:\/\/tensiomed.com\/","logo":{"@type":"ImageObject","inLanguage":"hu","@id":"https:\/\/tensiomed.com\/#\/schema\/logo\/image\/","url":"https:\/\/tensiomed.com\/wp-content\/uploads\/2024\/01\/new-logo.png","contentUrl":"https:\/\/tensiomed.com\/wp-content\/uploads\/2024\/01\/new-logo.png","width":300,"height":80,"caption":"Arteriograph Company"},"image":{"@id":"https:\/\/tensiomed.com\/#\/schema\/logo\/image\/"},"sameAs":["https:\/\/www.facebook.com\/tensiomed","https:\/\/www.linkedin.com\/company\/tensiomed\/"]}]}},"_links":{"self":[{"href":"https:\/\/tensiomed.com\/hu\/wp-json\/wp\/v2\/pages\/16586","targetHints":{"allow":["GET"]}}],"collection":[{"href":"https:\/\/tensiomed.com\/hu\/wp-json\/wp\/v2\/pages"}],"about":[{"href":"https:\/\/tensiomed.com\/hu\/wp-json\/wp\/v2\/types\/page"}],"author":[{"embeddable":true,"href":"https:\/\/tensiomed.com\/hu\/wp-json\/wp\/v2\/users\/1"}],"replies":[{"embeddable":true,"href":"https:\/\/tensiomed.com\/hu\/wp-json\/wp\/v2\/comments?post=16586"}],"version-history":[{"count":0,"href":"https:\/\/tensiomed.com\/hu\/wp-json\/wp\/v2\/pages\/16586\/revisions"}],"up":[{"embeddable":true,"href":"https:\/\/tensiomed.com\/hu\/wp-json\/wp\/v2\/pages\/16536"}],"wp:attachment":[{"href":"https:\/\/tensiomed.com\/hu\/wp-json\/wp\/v2\/media?parent=16586"}],"curies":[{"name":"wp","href":"https:\/\/api.w.org\/{rel}","templated":true}]}}