{"id":16595,"date":"2023-11-18T15:30:24","date_gmt":"2023-11-18T15:30:24","guid":{"rendered":"https:\/\/tensiomed.com\/devices\/arteriograph-24\/"},"modified":"2025-07-29T07:15:59","modified_gmt":"2025-07-29T07:15:59","slug":"arteriograph-24","status":"publish","type":"page","link":"https:\/\/tensiomed.com\/hu\/devices\/arteriograph-24\/","title":{"rendered":"Arteriograph 24"},"content":{"rendered":"\t\t<div data-elementor-type=\"wp-page\" data-elementor-id=\"16595\" class=\"elementor elementor-16595\" data-elementor-post-type=\"page\">\n\t\t\t\t\t\t<section class=\"elementor-section elementor-top-section elementor-element elementor-element-eacb416 elementor-section-content-middle elementor-reverse-mobile elementor-section-boxed elementor-section-height-default elementor-section-height-default\" data-id=\"eacb416\" data-element_type=\"section\">\n\t\t\t\t\t\t<div class=\"elementor-container elementor-column-gap-extended\">\n\t\t\t\t\t<div class=\"elementor-column elementor-col-100 elementor-top-column elementor-element elementor-element-d34d530\" data-id=\"d34d530\" data-element_type=\"column\">\n\t\t\t<div class=\"elementor-widget-wrap elementor-element-populated\">\n\t\t\t\t\t\t<div class=\"elementor-element elementor-element-7f1f048 wd-width-100 elementor-widget elementor-widget-wd_title\" data-id=\"7f1f048\" data-element_type=\"widget\" data-widget_type=\"wd_title.default\">\n\t\t\t\t<div class=\"elementor-widget-container\">\n\t\t\t\t\t\t\t\t<link rel=\"stylesheet\" id=\"wd-section-title-css\" href=\"https:\/\/tensiomed.com\/wp-content\/themes\/woodmart\/css\/parts\/el-section-title.min.css?ver=7.5.2\" type=\"text\/css\" media=\"all\" \/> \t\t\t\t\t\t<link rel=\"stylesheet\" id=\"wd-section-title-style-simple-and-brd-css\" href=\"https:\/\/tensiomed.com\/wp-content\/themes\/woodmart\/css\/parts\/el-section-title-style-simple-and-brd.min.css?ver=7.5.2\" type=\"text\/css\" media=\"all\" \/> \t\t\t\t\t<div class=\"title-wrapper set-mb-s reset-last-child wd-title-color-primary wd-title-style-bordered wd-title-size-default text-center\">\n\n\t\t\t\n\t\t\t<div class=\"liner-continer\">\n\t\t\t\t<h1 class=\"woodmart-title-container title wd-fontsize-l\">Arteriograph 24<br \/>\n<\/h1> \n\t\t\t\t\t\t\t<\/div>\n\n\t\t\t\t\t<\/div>\n\t\t\t\t\t\t<\/div>\n\t\t\t\t<\/div>\n\t\t\t\t<div class=\"elementor-element elementor-element-d6943af elementor-widget elementor-widget-wd_text_block\" data-id=\"d6943af\" data-element_type=\"widget\" data-widget_type=\"wd_text_block.default\">\n\t\t\t\t<div class=\"elementor-widget-container\">\n\t\t\t\t\t\t\t\t<link rel=\"stylesheet\" id=\"wd-text-block-css\" href=\"https:\/\/tensiomed.com\/wp-content\/themes\/woodmart\/css\/parts\/el-text-block.min.css?ver=7.5.2\" type=\"text\/css\" media=\"all\" \/> \t\t\t\t\t<div class=\"wd-text-block reset-last-child text-left\">\n\t\t\t\n\t\t\t<p>Az Arteriograph 24 az egyetlen olyan k\u00e9sz\u00fcl\u00e9k, amely az art\u00e9ri\u00e1s funkci\u00f3 \u00f6sszetett t\u00e9nyez\u0151it egyidej\u0171leg k\u00e9pes 24 \u00f3r\u00e1n kereszt\u00fcl m\u00e9rni. A hagyom\u00e1nyos v\u00e9rnyom\u00e1s\u00e9rt\u00e9kek mellett a pulzushull\u00e1m terjed\u00e9si sebess\u00e9gr\u0151l az aort\u00e1n (PWVao), augment\u00e1ci\u00f3s indexr\u0151l (AIx) \u00e9s a centr\u00e1lis szisztol\u00e9s v\u00e9rnyom\u00e1sr\u00f3l (SBPao) szolg\u00e1ltat adatokat.<\/p>\n\t\t\t\t\t<\/div>\n\t\t\t\t\t\t<\/div>\n\t\t\t\t<\/div>\n\t\t\t\t\t<\/div>\n\t\t<\/div>\n\t\t\t\t\t<\/div>\n\t\t<\/section>\n\t\t\t\t<section class=\"elementor-section elementor-top-section elementor-element elementor-element-7d8400a elementor-section-content-top elementor-reverse-mobile elementor-reverse-tablet elementor-section-boxed elementor-section-height-default elementor-section-height-default\" data-id=\"7d8400a\" data-element_type=\"section\">\n\t\t\t\t\t\t<div class=\"elementor-container elementor-column-gap-extended\">\n\t\t\t\t\t<div class=\"elementor-column elementor-col-50 elementor-top-column elementor-element elementor-element-fd65f6f\" data-id=\"fd65f6f\" data-element_type=\"column\">\n\t\t\t<div class=\"elementor-widget-wrap elementor-element-populated\">\n\t\t\t\t\t\t<div class=\"elementor-element elementor-element-38b5d77 elementor-widget elementor-widget-wd_text_block\" data-id=\"38b5d77\" data-element_type=\"widget\" data-widget_type=\"wd_text_block.default\">\n\t\t\t\t<div class=\"elementor-widget-container\">\n\t\t\t\t\t\t\t<div class=\"wd-text-block reset-last-child text-left\">\n\t\t\t\n\t\t\t<p>Egy 24 \u00f3r\u00e1s ABPM k\u00e9sz\u00fcl\u00e9ket \u00e9s az art\u00e9ri\u00e1s \u00e9letkor meg\u00e1llap\u00edt\u00e1s cs\u00facstechnol\u00f3gi\u00e1j\u00e1t k\u00e9pvisel\u0151 m\u0171szert (Arteriograph) egyes\u00edt\u0151 term\u00e9k \u00f6tv\u00f6zi a j\u00f3l ismert technol\u00f3gi\u00e1k el\u0151nyeit. Szeml\u00e9lteti a perif\u00e9ri\u00e1k m\u0171k\u00f6d\u00e9s\u00e9t \u00e9s a centr\u00e1lis hemodinamikai param\u00e9terek alakul\u00e1s\u00e1t nappal \u00e9s az \u00e9jszaka folyam\u00e1n is, \u00edgy el\u0151seg\u00edtve az art\u00e9ri\u00e1s \u00e9letkor meg\u00e1llap\u00edt\u00e1s\u00e1t. A m\u00e9rt adatok \u00e1tvitele, t\u00e1rol\u00e1sa \u00e9s vizsg\u00e1lata sz\u00e1m\u00edt\u00f3g\u00e9p seg\u00edts\u00e9g\u00e9vel t\u00f6rt\u00e9nik, lehet\u0151v\u00e9 t\u00e9ve az art\u00e9ri\u00e1s m\u0171k\u00f6d\u00e9s (stiffness) teljes ki\u00e9rt\u00e9kel\u00e9s\u00e9t.<\/p><p>Az Arteriograph 24 indik\u00e1ci\u00f3i \u2013 amely helyzetekben k\u00fcl\u00f6n\u00f6sen aj\u00e1nlott \u2013 a k\u00f6vetkez\u0151k:<\/p>\n\t\t\t\t\t<\/div>\n\t\t\t\t\t\t<\/div>\n\t\t\t\t<\/div>\n\t\t\t\t<div class=\"elementor-element elementor-element-4d3acb1 elementor-widget elementor-widget-wd_text_block\" data-id=\"4d3acb1\" data-element_type=\"widget\" data-widget_type=\"wd_text_block.default\">\n\t\t\t\t<div class=\"elementor-widget-container\">\n\t\t\t\t\t\t\t<div class=\"wd-text-block reset-last-child text-left\">\n\t\t\t\n\t\t\t<ol><li>Ha a \u201efeh\u00e9r k\u00f6peny szindr\u00f3ma\u201d hat\u00e1sa figyelhet\u0151 meg a p\u00e1ciensen (nyugtalan egy-egy vizsg\u00e1lat k\u00f6zben).<\/li><li>Ha jelent\u0151s elt\u00e9r\u00e9s l\u00e1that\u00f3 az Arteriograph k\u00e9sz\u00fcl\u00e9kkel m\u00e9rt art\u00e9ri\u00e1s funkci\u00f3 eredm\u00e9nyek \u00e9s a p\u00e1ciens l\u00e1tsz\u00f3lagos eg\u00e9szs\u00e9gi \u00e1llapota k\u00f6z\u00f6tt. Ilyen eset p\u00e9ld\u00e1ul, ha a p\u00e1ciens nagyon fiatal, de rendk\u00edv\u00fcl k\u00f3ros stiffness \u00e9rt\u00e9kekkel rendelkezik, vagy ha a beteg \u00e9rsz\u0171k\u00fclete ismert, \u00e9s t\u00f6bb betegs\u00e9gben szenved, de a megfigyelhet\u0151 art\u00e9ri\u00e1s funkci\u00f3 \u00e9rt\u00e9kei norm\u00e1lisak.<\/li><li>Az art\u00e9ri\u00e1s funkci\u00f3 t\u00e9nyez\u0151k diurn\u00e1lis ritmus\u00e1nak a vizsg\u00e1lata,<\/li><li>Az art\u00e9ri\u00e1s stiffness vizsg\u00e1lata a mindennapos \u00e9letritmus (tev\u00e9kenys\u00e9gek) k\u00f6zben.<\/li><\/ol>\n\t\t\t\t\t<\/div>\n\t\t\t\t\t\t<\/div>\n\t\t\t\t<\/div>\n\t\t\t\t\t<\/div>\n\t\t<\/div>\n\t\t\t\t<div class=\"elementor-column elementor-col-50 elementor-top-column elementor-element elementor-element-7d34d32\" data-id=\"7d34d32\" data-element_type=\"column\">\n\t\t\t<div class=\"elementor-widget-wrap elementor-element-populated\">\n\t\t\t\t\t\t<div class=\"elementor-element elementor-element-7917834 elementor-widget elementor-widget-wd_image_or_svg\" data-id=\"7917834\" data-element_type=\"widget\" data-widget_type=\"wd_image_or_svg.default\">\n\t\t\t\t<div class=\"elementor-widget-container\">\n\t\t\t\t\t\t\t\t<link rel=\"stylesheet\" id=\"wd-photoswipe-css\" href=\"https:\/\/tensiomed.com\/wp-content\/themes\/woodmart\/css\/parts\/lib-photoswipe.min.css?ver=7.5.2\" type=\"text\/css\" media=\"all\" \/> \t\t\t\n\t\t<div class=\"wd-image text-left photoswipe-images\">\n\t\t\t\t\t\t\t<a  href=\"https:\/\/tensiomed.com\/wp-content\/uploads\/2024\/01\/Arteriograph-24.jpg\"data-width=\"600\" data-height=\"900\" data-elementor-open-lightbox=\"no\" aria-label=\"Image link\">\n\t\t\t\t\t\t\t\t<img fetchpriority=\"high\" decoding=\"async\" width=\"600\" height=\"900\" src=\"https:\/\/tensiomed.com\/wp-content\/uploads\/2024\/01\/Arteriograph-24.jpg\" class=\"attachment-full size-full\" alt=\"24 Hour Pulse Wave Analysis\" srcset=\"https:\/\/tensiomed.com\/wp-content\/uploads\/2024\/01\/Arteriograph-24.jpg 600w, https:\/\/tensiomed.com\/wp-content\/uploads\/2024\/01\/Arteriograph-24-200x300.jpg 200w, https:\/\/tensiomed.com\/wp-content\/uploads\/2024\/01\/Arteriograph-24-533x800.jpg 533w\" sizes=\"(max-width: 600px) 100vw, 600px\" \/>\t\t\t\t\t\t\t<\/a>\n\t\t\t\t\t<\/div>\n\n\t\t\t\t\t\t<\/div>\n\t\t\t\t<\/div>\n\t\t\t\t\t<\/div>\n\t\t<\/div>\n\t\t\t\t\t<\/div>\n\t\t<\/section>\n\t\t\t\t<section class=\"elementor-section elementor-top-section elementor-element elementor-element-3f91ed0 elementor-section-content-middle elementor-reverse-mobile elementor-section-boxed elementor-section-height-default elementor-section-height-default\" data-id=\"3f91ed0\" data-element_type=\"section\">\n\t\t\t\t\t\t<div class=\"elementor-container elementor-column-gap-extended\">\n\t\t\t\t\t<div class=\"elementor-column elementor-col-33 elementor-top-column elementor-element elementor-element-d9cf610\" data-id=\"d9cf610\" data-element_type=\"column\">\n\t\t\t<div class=\"elementor-widget-wrap elementor-element-populated\">\n\t\t\t\t\t\t<div class=\"elementor-element elementor-element-405dbf8 elementor-widget elementor-widget-wd_button\" data-id=\"405dbf8\" data-element_type=\"widget\" data-widget_type=\"wd_button.default\">\n\t\t\t\t<div class=\"elementor-widget-container\">\n\t\t\t\t\t\t\t<div class=\"wd-button-wrapper text-center\" >\n\t\t\t<a class=\"btn btn-style-bordered btn-style-semi-round btn-size-default btn-color-primary btn-icon-pos-right\"  href=\"https:\/\/tensiomed.com\/wp-content\/uploads\/2025\/07\/ARG24_HU-1.pdf\" target=\"_blank\">\n\t\t\t\t<span class=\"wd-btn-text\" data-elementor-setting-key=\"text\">\n\t\t\t\t\tArteriograph 24 Flyer\t\t\t\t<\/span>\n\n\t\t\t\t\t\t\t<\/a>\n\t\t<\/div>\n\t\t\t\t\t\t<\/div>\n\t\t\t\t<\/div>\n\t\t\t\t\t<\/div>\n\t\t<\/div>\n\t\t\t\t<div class=\"elementor-column elementor-col-33 elementor-top-column elementor-element elementor-element-5922ef7\" data-id=\"5922ef7\" data-element_type=\"column\">\n\t\t\t<div class=\"elementor-widget-wrap elementor-element-populated\">\n\t\t\t\t\t\t<div class=\"elementor-element elementor-element-efdcece elementor-widget elementor-widget-wd_button\" data-id=\"efdcece\" data-element_type=\"widget\" data-widget_type=\"wd_button.default\">\n\t\t\t\t<div class=\"elementor-widget-container\">\n\t\t\t\t\t\t\t<div class=\"wd-button-wrapper text-center\" >\n\t\t\t<a class=\"btn btn-style-bordered btn-style-semi-round btn-size-default btn-color-primary btn-icon-pos-right\"  href=\"https:\/\/tensiomed.com\/wp-content\/uploads\/2024\/05\/Tensiowin-Arteriograph24_03v10-01_HU.pdf\" target=\"_blank\">\n\t\t\t\t<span class=\"wd-btn-text\" data-elementor-setting-key=\"text\">\n\t\t\t\t\tArteriograph24 Software User Manual\t\t\t\t<\/span>\n\n\t\t\t\t\t\t\t<\/a>\n\t\t<\/div>\n\t\t\t\t\t\t<\/div>\n\t\t\t\t<\/div>\n\t\t\t\t\t<\/div>\n\t\t<\/div>\n\t\t\t\t<div class=\"elementor-column elementor-col-33 elementor-top-column elementor-element elementor-element-36f01e5\" data-id=\"36f01e5\" data-element_type=\"column\">\n\t\t\t<div class=\"elementor-widget-wrap elementor-element-populated\">\n\t\t\t\t\t\t<div class=\"elementor-element elementor-element-bea24b9 elementor-widget elementor-widget-wd_button\" data-id=\"bea24b9\" data-element_type=\"widget\" data-widget_type=\"wd_button.default\">\n\t\t\t\t<div class=\"elementor-widget-container\">\n\t\t\t\t\t\t\t<div class=\"wd-button-wrapper text-center\" >\n\t\t\t<a class=\"btn btn-style-bordered btn-style-semi-round btn-size-default btn-color-primary btn-icon-pos-right\"  href=\"https:\/\/tensiomed.com\/wp-content\/uploads\/2024\/05\/Arteriograph24-03v10-01_HU_HW.pdf\" target=\"_blank\">\n\t\t\t\t<span class=\"wd-btn-text\" data-elementor-setting-key=\"text\">\n\t\t\t\t\tArteriograph24 Device User Manual\t\t\t\t<\/span>\n\n\t\t\t\t\t\t\t<\/a>\n\t\t<\/div>\n\t\t\t\t\t\t<\/div>\n\t\t\t\t<\/div>\n\t\t\t\t\t<\/div>\n\t\t<\/div>\n\t\t\t\t\t<\/div>\n\t\t<\/section>\n\t\t\t\t<\/div>\n\t\t","protected":false},"excerpt":{"rendered":"<p>Arteriograph 24 Az Arteriograph 24 az egyetlen olyan k\u00e9sz\u00fcl\u00e9k, amely az art\u00e9ri\u00e1s funkci\u00f3 \u00f6sszetett t\u00e9nyez\u0151it egyidej\u0171leg k\u00e9pes 24 \u00f3r\u00e1n kereszt\u00fcl<\/p>\n","protected":false},"author":1,"featured_media":0,"parent":16542,"menu_order":0,"comment_status":"closed","ping_status":"closed","template":"","meta":{"footnotes":""},"class_list":["post-16595","page","type-page","status-publish","hentry"],"yoast_head":"<!-- This site is optimized with the Yoast SEO Premium plugin v21.6 (Yoast SEO v24.6) - https:\/\/yoast.com\/wordpress\/plugins\/seo\/ -->\n<title>Arteriograph 24 | Arteriograph Company<\/title>\n<meta name=\"robots\" content=\"index, follow, max-snippet:-1, max-image-preview:large, max-video-preview:-1\" \/>\n<link rel=\"canonical\" href=\"https:\/\/tensiomed.com\/hu\/devices\/arteriograph-24\/\" \/>\n<meta property=\"og:locale\" content=\"hu_HU\" \/>\n<meta property=\"og:type\" content=\"article\" \/>\n<meta property=\"og:title\" content=\"Arteriograph 24\" \/>\n<meta property=\"og:description\" content=\"Arteriograph 24 Az Arteriograph 24 az egyetlen olyan k\u00e9sz\u00fcl\u00e9k, amely az art\u00e9ri\u00e1s funkci\u00f3 \u00f6sszetett t\u00e9nyez\u0151it egyidej\u0171leg k\u00e9pes 24 \u00f3r\u00e1n kereszt\u00fcl\" \/>\n<meta property=\"og:url\" content=\"https:\/\/tensiomed.com\/hu\/devices\/arteriograph-24\/\" \/>\n<meta property=\"og:site_name\" content=\"Arteriograph Company\" \/>\n<meta property=\"article:publisher\" content=\"https:\/\/www.facebook.com\/tensiomed\" \/>\n<meta property=\"article:modified_time\" content=\"2025-07-29T07:15:59+00:00\" \/>\n<meta property=\"og:image\" content=\"https:\/\/tensiomed.com\/wp-content\/uploads\/2024\/01\/Arteriograph-24.jpg\" \/>\n<meta name=\"twitter:card\" content=\"summary_large_image\" \/>\n<meta name=\"twitter:label1\" content=\"Becs\u00fclt olvas\u00e1si id\u0151\" \/>\n\t<meta name=\"twitter:data1\" content=\"2 perc\" \/>\n<script type=\"application\/ld+json\" class=\"yoast-schema-graph\">{\"@context\":\"https:\/\/schema.org\",\"@graph\":[{\"@type\":\"WebPage\",\"@id\":\"https:\/\/tensiomed.com\/hu\/devices\/arteriograph-24\/\",\"url\":\"https:\/\/tensiomed.com\/hu\/devices\/arteriograph-24\/\",\"name\":\"Arteriograph 24 | Arteriograph Company\",\"isPartOf\":{\"@id\":\"https:\/\/tensiomed.com\/#website\"},\"primaryImageOfPage\":{\"@id\":\"https:\/\/tensiomed.com\/hu\/devices\/arteriograph-24\/#primaryimage\"},\"image\":{\"@id\":\"https:\/\/tensiomed.com\/hu\/devices\/arteriograph-24\/#primaryimage\"},\"thumbnailUrl\":\"https:\/\/tensiomed.com\/wp-content\/uploads\/2024\/01\/Arteriograph-24.jpg\",\"datePublished\":\"2023-11-18T15:30:24+00:00\",\"dateModified\":\"2025-07-29T07:15:59+00:00\",\"breadcrumb\":{\"@id\":\"https:\/\/tensiomed.com\/hu\/devices\/arteriograph-24\/#breadcrumb\"},\"inLanguage\":\"hu\",\"potentialAction\":[{\"@type\":\"ReadAction\",\"target\":[\"https:\/\/tensiomed.com\/hu\/devices\/arteriograph-24\/\"]}]},{\"@type\":\"ImageObject\",\"inLanguage\":\"hu\",\"@id\":\"https:\/\/tensiomed.com\/hu\/devices\/arteriograph-24\/#primaryimage\",\"url\":\"https:\/\/tensiomed.com\/wp-content\/uploads\/2024\/01\/Arteriograph-24.jpg\",\"contentUrl\":\"https:\/\/tensiomed.com\/wp-content\/uploads\/2024\/01\/Arteriograph-24.jpg\"},{\"@type\":\"BreadcrumbList\",\"@id\":\"https:\/\/tensiomed.com\/hu\/devices\/arteriograph-24\/#breadcrumb\",\"itemListElement\":[{\"@type\":\"ListItem\",\"position\":1,\"name\":\"Home\",\"item\":\"https:\/\/tensiomed.com\/\"},{\"@type\":\"ListItem\",\"position\":2,\"name\":\"K\u00e9sz\u00fcl\u00e9kek\",\"item\":\"https:\/\/tensiomed.com\/devices\/\"},{\"@type\":\"ListItem\",\"position\":3,\"name\":\"Arteriograph 24\"}]},{\"@type\":\"WebSite\",\"@id\":\"https:\/\/tensiomed.com\/#website\",\"url\":\"https:\/\/tensiomed.com\/\",\"name\":\"Arteriograph Company\",\"description\":\"Pulse Wave Analysis &amp; Arterial Stiffness\",\"publisher\":{\"@id\":\"https:\/\/tensiomed.com\/#organization\"},\"potentialAction\":[{\"@type\":\"SearchAction\",\"target\":{\"@type\":\"EntryPoint\",\"urlTemplate\":\"https:\/\/tensiomed.com\/?s={search_term_string}\"},\"query-input\":{\"@type\":\"PropertyValueSpecification\",\"valueRequired\":true,\"valueName\":\"search_term_string\"}}],\"inLanguage\":\"hu\"},{\"@type\":\"Organization\",\"@id\":\"https:\/\/tensiomed.com\/#organization\",\"name\":\"Arteriograph Company\",\"url\":\"https:\/\/tensiomed.com\/\",\"logo\":{\"@type\":\"ImageObject\",\"inLanguage\":\"hu\",\"@id\":\"https:\/\/tensiomed.com\/#\/schema\/logo\/image\/\",\"url\":\"https:\/\/tensiomed.com\/wp-content\/uploads\/2024\/01\/new-logo.png\",\"contentUrl\":\"https:\/\/tensiomed.com\/wp-content\/uploads\/2024\/01\/new-logo.png\",\"width\":300,\"height\":80,\"caption\":\"Arteriograph Company\"},\"image\":{\"@id\":\"https:\/\/tensiomed.com\/#\/schema\/logo\/image\/\"},\"sameAs\":[\"https:\/\/www.facebook.com\/tensiomed\",\"https:\/\/www.linkedin.com\/company\/tensiomed\/\"]}]}<\/script>\n<!-- \/ Yoast SEO Premium plugin. -->","yoast_head_json":{"title":"Arteriograph 24 | Arteriograph Company","robots":{"index":"index","follow":"follow","max-snippet":"max-snippet:-1","max-image-preview":"max-image-preview:large","max-video-preview":"max-video-preview:-1"},"canonical":"https:\/\/tensiomed.com\/hu\/devices\/arteriograph-24\/","og_locale":"hu_HU","og_type":"article","og_title":"Arteriograph 24","og_description":"Arteriograph 24 Az Arteriograph 24 az egyetlen olyan k\u00e9sz\u00fcl\u00e9k, amely az art\u00e9ri\u00e1s funkci\u00f3 \u00f6sszetett t\u00e9nyez\u0151it egyidej\u0171leg k\u00e9pes 24 \u00f3r\u00e1n kereszt\u00fcl","og_url":"https:\/\/tensiomed.com\/hu\/devices\/arteriograph-24\/","og_site_name":"Arteriograph Company","article_publisher":"https:\/\/www.facebook.com\/tensiomed","article_modified_time":"2025-07-29T07:15:59+00:00","og_image":[{"url":"https:\/\/tensiomed.com\/wp-content\/uploads\/2024\/01\/Arteriograph-24.jpg","type":"","width":"","height":""}],"twitter_card":"summary_large_image","twitter_misc":{"Becs\u00fclt olvas\u00e1si id\u0151":"2 perc"},"schema":{"@context":"https:\/\/schema.org","@graph":[{"@type":"WebPage","@id":"https:\/\/tensiomed.com\/hu\/devices\/arteriograph-24\/","url":"https:\/\/tensiomed.com\/hu\/devices\/arteriograph-24\/","name":"Arteriograph 24 | Arteriograph Company","isPartOf":{"@id":"https:\/\/tensiomed.com\/#website"},"primaryImageOfPage":{"@id":"https:\/\/tensiomed.com\/hu\/devices\/arteriograph-24\/#primaryimage"},"image":{"@id":"https:\/\/tensiomed.com\/hu\/devices\/arteriograph-24\/#primaryimage"},"thumbnailUrl":"https:\/\/tensiomed.com\/wp-content\/uploads\/2024\/01\/Arteriograph-24.jpg","datePublished":"2023-11-18T15:30:24+00:00","dateModified":"2025-07-29T07:15:59+00:00","breadcrumb":{"@id":"https:\/\/tensiomed.com\/hu\/devices\/arteriograph-24\/#breadcrumb"},"inLanguage":"hu","potentialAction":[{"@type":"ReadAction","target":["https:\/\/tensiomed.com\/hu\/devices\/arteriograph-24\/"]}]},{"@type":"ImageObject","inLanguage":"hu","@id":"https:\/\/tensiomed.com\/hu\/devices\/arteriograph-24\/#primaryimage","url":"https:\/\/tensiomed.com\/wp-content\/uploads\/2024\/01\/Arteriograph-24.jpg","contentUrl":"https:\/\/tensiomed.com\/wp-content\/uploads\/2024\/01\/Arteriograph-24.jpg"},{"@type":"BreadcrumbList","@id":"https:\/\/tensiomed.com\/hu\/devices\/arteriograph-24\/#breadcrumb","itemListElement":[{"@type":"ListItem","position":1,"name":"Home","item":"https:\/\/tensiomed.com\/"},{"@type":"ListItem","position":2,"name":"K\u00e9sz\u00fcl\u00e9kek","item":"https:\/\/tensiomed.com\/devices\/"},{"@type":"ListItem","position":3,"name":"Arteriograph 24"}]},{"@type":"WebSite","@id":"https:\/\/tensiomed.com\/#website","url":"https:\/\/tensiomed.com\/","name":"Arteriograph Company","description":"Pulse Wave Analysis &amp; Arterial Stiffness","publisher":{"@id":"https:\/\/tensiomed.com\/#organization"},"potentialAction":[{"@type":"SearchAction","target":{"@type":"EntryPoint","urlTemplate":"https:\/\/tensiomed.com\/?s={search_term_string}"},"query-input":{"@type":"PropertyValueSpecification","valueRequired":true,"valueName":"search_term_string"}}],"inLanguage":"hu"},{"@type":"Organization","@id":"https:\/\/tensiomed.com\/#organization","name":"Arteriograph Company","url":"https:\/\/tensiomed.com\/","logo":{"@type":"ImageObject","inLanguage":"hu","@id":"https:\/\/tensiomed.com\/#\/schema\/logo\/image\/","url":"https:\/\/tensiomed.com\/wp-content\/uploads\/2024\/01\/new-logo.png","contentUrl":"https:\/\/tensiomed.com\/wp-content\/uploads\/2024\/01\/new-logo.png","width":300,"height":80,"caption":"Arteriograph Company"},"image":{"@id":"https:\/\/tensiomed.com\/#\/schema\/logo\/image\/"},"sameAs":["https:\/\/www.facebook.com\/tensiomed","https:\/\/www.linkedin.com\/company\/tensiomed\/"]}]}},"_links":{"self":[{"href":"https:\/\/tensiomed.com\/hu\/wp-json\/wp\/v2\/pages\/16595","targetHints":{"allow":["GET"]}}],"collection":[{"href":"https:\/\/tensiomed.com\/hu\/wp-json\/wp\/v2\/pages"}],"about":[{"href":"https:\/\/tensiomed.com\/hu\/wp-json\/wp\/v2\/types\/page"}],"author":[{"embeddable":true,"href":"https:\/\/tensiomed.com\/hu\/wp-json\/wp\/v2\/users\/1"}],"replies":[{"embeddable":true,"href":"https:\/\/tensiomed.com\/hu\/wp-json\/wp\/v2\/comments?post=16595"}],"version-history":[{"count":21,"href":"https:\/\/tensiomed.com\/hu\/wp-json\/wp\/v2\/pages\/16595\/revisions"}],"predecessor-version":[{"id":18817,"href":"https:\/\/tensiomed.com\/hu\/wp-json\/wp\/v2\/pages\/16595\/revisions\/18817"}],"up":[{"embeddable":true,"href":"https:\/\/tensiomed.com\/hu\/wp-json\/wp\/v2\/pages\/16542"}],"wp:attachment":[{"href":"https:\/\/tensiomed.com\/hu\/wp-json\/wp\/v2\/media?parent=16595"}],"curies":[{"name":"wp","href":"https:\/\/api.w.org\/{rel}","templated":true}]}}