{"id":18062,"date":"2024-07-22T15:27:22","date_gmt":"2024-07-22T15:27:22","guid":{"rendered":"https:\/\/tensiomed.com\/?page_id=18062"},"modified":"2024-07-22T18:01:48","modified_gmt":"2024-07-22T18:01:48","slug":"palyazat","status":"publish","type":"page","link":"https:\/\/tensiomed.com\/hu\/palyazat\/","title":{"rendered":"P\u00e1ly\u00e1zat"},"content":{"rendered":"\t\t<div data-elementor-type=\"wp-page\" data-elementor-id=\"18062\" class=\"elementor elementor-18062\" data-elementor-post-type=\"page\">\n\t\t\t\t<div class=\"wd-negative-gap elementor-element elementor-element-3ce5ae3 e-flex e-con-boxed e-con e-parent\" data-id=\"3ce5ae3\" data-element_type=\"container\">\n\t\t\t\t\t<div class=\"e-con-inner\">\n\t\t\t\t<div class=\"elementor-element elementor-element-a002529 elementor-widget elementor-widget-wd_image_or_svg\" data-id=\"a002529\" data-element_type=\"widget\" data-widget_type=\"wd_image_or_svg.default\">\n\t\t\t\t<div class=\"elementor-widget-container\">\n\t\t\t\t\t\n\t\t<div class=\"wd-image text-center\">\n\t\t\t\t\t\t\t\t<img fetchpriority=\"high\" decoding=\"async\" width=\"778\" height=\"423\" src=\"https:\/\/tensiomed.com\/wp-content\/uploads\/2024\/07\/02.jpg\" class=\"attachment-full size-full\" alt=\"\" srcset=\"https:\/\/tensiomed.com\/wp-content\/uploads\/2024\/07\/02.jpg 778w, https:\/\/tensiomed.com\/wp-content\/uploads\/2024\/07\/02-400x217.jpg 400w, https:\/\/tensiomed.com\/wp-content\/uploads\/2024\/07\/02-768x418.jpg 768w\" sizes=\"(max-width: 778px) 100vw, 778px\" \/>\t\t\t\t\t<\/div>\n\n\t\t\t\t\t\t<\/div>\n\t\t\t\t<\/div>\n\t\t\t\t\t<\/div>\n\t\t\t\t<\/div>\n\t\t<div class=\"wd-negative-gap elementor-element elementor-element-b2ff311 e-flex e-con-boxed e-con e-parent\" data-id=\"b2ff311\" data-element_type=\"container\">\n\t\t\t\t\t<div class=\"e-con-inner\">\n\t\t\t\t<div class=\"elementor-element elementor-element-6d26aaf elementor-widget elementor-widget-heading\" data-id=\"6d26aaf\" data-element_type=\"widget\" data-widget_type=\"heading.default\">\n\t\t\t\t<div class=\"elementor-widget-container\">\n\t\t\t\t\t<h1 class=\"elementor-heading-title elementor-size-default\">A projekt tartalm\u00e1nak bemutat\u00e1sa<\/h1>\t\t\t\t<\/div>\n\t\t\t\t<\/div>\n\t\t\t\t<div class=\"elementor-element elementor-element-4034c1e elementor-widget elementor-widget-wd_text_block\" data-id=\"4034c1e\" data-element_type=\"widget\" data-widget_type=\"wd_text_block.default\">\n\t\t\t\t<div class=\"elementor-widget-container\">\n\t\t\t\t\t\t\t\t<link rel=\"stylesheet\" id=\"wd-text-block-css\" href=\"https:\/\/tensiomed.com\/wp-content\/themes\/woodmart\/css\/parts\/el-text-block.min.css?ver=7.5.2\" type=\"text\/css\" media=\"all\" \/> \t\t\t\t\t<div class=\"wd-text-block reset-last-child text-left\">\n\t\t\t\n\t\t\t<p>A projekt c\u00e9lja kifejleszteni egy professzion\u00e1lis, orvos \u00e1ltal alkalmazhat\u00f3, a beteg \u00e1ltal hordozhat\u00f3 (Holter t\u00edpus\u00fa) kis s\u00faly\u00fa, high-tech m\u0171szert, amely m\u00e9ri a perif\u00e9ri\u00e1s (felkaron m\u00e9rt) v\u00e9rnyom\u00e1st, a centr\u00e1lis (aorta) v\u00e9rnyom\u00e1st, az aorta rugalmass\u00e1g\u00e1t (a pulzushull\u00e1m terjed\u00e9si sebess\u00e9g\u00e9t), a kisart\u00e9ri\u00e1k \u00e1llapot\u00e1t, valamint a v\u00e9r oxig\u00e9n tartalm\u00e1t 24 \u00f3r\u00e1n kereszt\u00fcl, komplex, szimult\u00e1n m\u00f3don. Az eml\u00edtett \u00e9lettani param\u00e9terek szimult\u00e1n monitoroz\u00e1s\u00e1nak igen nagy jelent\u0151s\u00e9ge van, mivel ezek egym\u00e1ssal szoros k\u00f6lcs\u00f6nhat\u00e1sban \u00e1llnak, \u00e9s az apnoe hat\u00e1s\u00e1ra nem csak a v\u00e9rnyom\u00e1s, hanem erek tulajdons\u00e1ga is v\u00e1ltozik. A kifejlesztend\u0151 m\u0171szer ezt a hi\u00e1nyt p\u00f3tolja.<\/p>\n\t\t\t\t\t<\/div>\n\t\t\t\t\t\t<\/div>\n\t\t\t\t<\/div>\n\t\t\t\t<div class=\"elementor-element elementor-element-4cf3cef elementor-widget elementor-widget-heading\" data-id=\"4cf3cef\" data-element_type=\"widget\" data-widget_type=\"heading.default\">\n\t\t\t\t<div class=\"elementor-widget-container\">\n\t\t\t\t\t<h2 class=\"elementor-heading-title elementor-size-default\">Projekt \u00f6sszefoglal\u00e1sa<\/h2>\t\t\t\t<\/div>\n\t\t\t\t<\/div>\n\t\t\t\t<div class=\"elementor-element elementor-element-a10bc5c elementor-widget elementor-widget-wd_text_block\" data-id=\"a10bc5c\" data-element_type=\"widget\" data-widget_type=\"wd_text_block.default\">\n\t\t\t\t<div class=\"elementor-widget-container\">\n\t\t\t\t\t\t\t<div class=\"wd-text-block reset-last-child text-left\">\n\t\t\t\n\t\t\t<p>\u00a0<\/p><table width=\"777\"><tbody><tr><td width=\"251\"><p>A\u00a0kedvezm\u00e9nyezett neve:<\/p><\/td><td width=\"527\"><p>TensioMed Kft.<\/p><\/td><\/tr><tr><td width=\"251\"><p>projekt\u00a0azonos\u00edt\u00f3 sz\u00e1ma:<\/p><\/td><td width=\"527\"><p>VEKOP-2.1.7-15-2016-00294<\/p><\/td><\/tr><tr><td width=\"251\"><p>A projekt c\u00edme:<\/p><\/td><td width=\"527\"><p>A v\u00e9rnyom\u00e1s, a centr\u00e1lis kering\u00e9si param\u00e9terek, valamint az alv\u00e1si apnoe szindr\u00f3ma (OSAS) monitoroz\u00e1s\u00e1t lehet\u0151v\u00e9 t\u00e9v\u0151 professzion\u00e1lis orvosi diagnosztikai m\u0171szer, az Alv\u00e1s\u0151r \"(Sleeping Guard)\u201e protot\u00edpus\u00e1nak kifejleszt\u00e9se.\u00a0<\/p><\/td><\/tr><tr><td width=\"251\"><p>a szerz\u0151d\u00f6tt t\u00e1mogat\u00e1s \u00f6sszege:<\/p><\/td><td width=\"527\"><p>61\u00a0982\u00a0644 HUF<\/p><\/td><\/tr><tr><td width=\"251\"><p>A projekt t\u00e9nyleges fizikai befejez\u00e9se:<\/p><\/td><td width=\"527\"><p>31\/12\/2021<\/p><\/td><\/tr><tr><td width=\"251\"><p>\u00a0A t\u00e1mogat\u00e1s m\u00e9rt\u00e9ke (%-ban)<\/p><\/td><td width=\"527\"><p>\u00a060-70%<\/p><\/td><\/tr><\/tbody><\/table>\n\t\t\t\t\t<\/div>\n\t\t\t\t\t\t<\/div>\n\t\t\t\t<\/div>\n\t\t\t\t<div class=\"elementor-element elementor-element-6628268 elementor-widget elementor-widget-wd_text_block\" data-id=\"6628268\" data-element_type=\"widget\" data-widget_type=\"wd_text_block.default\">\n\t\t\t\t<div class=\"elementor-widget-container\">\n\t\t\t\t\t\t\t<div class=\"wd-text-block reset-last-child text-left\">\n\t\t\t\n\t\t\t<p>C\u00e9g\u00fcnk elk\u00f6telezett az orvostechnikai m\u0171szerek ter\u00fclet\u00e9n val\u00f3 folyamatos innov\u00e1ci\u00f3 ir\u00e1nt. Ennek egyik legut\u00f3bbi megnyilv\u00e1nul\u00e1sa az \u00fagynevezett \u201eAlv\u00e1s\u0151r\u201d (\u201eSleeping Guard\u201d) k\u00e9sz\u00fcl\u00e9k protot\u00edpus\u00e1nak kifejleszt\u00e9se a Sz\u00e9chenyi 2020 VEKOP t\u00e1mogat\u00e1si rendszer\u00e9hez beny\u00fajtott VEKOP-2.1.7-15-2016-00294 azonos\u00edt\u00f3 sz\u00e1m\u00fa projektje kapcs\u00e1n, amely egy a v\u00e9rnyom\u00e1s, centr\u00e1lis kering\u00e9si param\u00e9terek, illetve az alv\u00e1si apnoe szindr\u00f3ma (OSAS) monitor\u00e1z\u00e1s\u00e1t lehet\u0151v\u00e9 t\u00e9v\u0151 professzion\u00e1lis orvosi diagnosztikai m\u0171szer. Fejleszt\u0151m\u00e9rn\u00f6keink a t\u00f6bb \u00e9vtizedes, speci\u00e1lis v\u00e9rnyom\u00e1sm\u00e9r\u0151 k\u00e9sz\u00fcl\u00e9kekkel kapcsolatos tapasztalatuk birtok\u00e1ban v\u00e9gezt\u00e9k a projekt sor\u00e1n munk\u00e1jukat, tapasztalt orvosszak\u00e9rt\u0151 munkat\u00e1rssal val\u00f3 folyamatos egy\u00fcttm\u0171k\u00f6d\u00e9sben, \u00e9s sikeresen l\u00e9trehozt\u00e1k a m\u0171szer protot\u00edpus\u00e1t, amely k\u00e9szen \u00e1ll a klinikai valid\u00e1ci\u00f3 lebonyol\u00edt\u00e1s\u00e1ra.<\/p>\n\t\t\t\t\t<\/div>\n\t\t\t\t\t\t<\/div>\n\t\t\t\t<\/div>\n\t\t\t\t\t<\/div>\n\t\t\t\t<\/div>\n\t\t<div class=\"wd-negative-gap elementor-element elementor-element-51607ac e-flex e-con-boxed e-con e-parent\" data-id=\"51607ac\" data-element_type=\"container\">\n\t\t\t\t\t<div class=\"e-con-inner\">\n\t\t\t\t<div class=\"elementor-element elementor-element-147ea3e elementor-fixed elementor-hidden-tablet elementor-hidden-mobile elementor-widget elementor-widget-wd_image_or_svg\" data-id=\"147ea3e\" data-element_type=\"widget\" data-settings=\"{&quot;_position&quot;:&quot;fixed&quot;}\" data-widget_type=\"wd_image_or_svg.default\">\n\t\t\t\t<div class=\"elementor-widget-container\">\n\t\t\t\t\t\n\t\t<div class=\"wd-image text-left\">\n\t\t\t\t\t\t\t<a  href=\"https:\/\/tensiomed.com\/hu\/palyazat\/\" aria-label=\"Image link\">\n\t\t\t\t\t\t\t\t<img decoding=\"async\" width=\"200\" height=\"140\" src=\"https:\/\/tensiomed.com\/wp-content\/uploads\/2024\/07\/01-copy-200x140.png\" class=\"attachment-200x140 size-200x140\" alt=\"\" \/>\t\t\t\t\t\t\t<\/a>\n\t\t\t\t\t<\/div>\n\n\t\t\t\t\t\t<\/div>\n\t\t\t\t<\/div>\n\t\t\t\t\t<\/div>\n\t\t\t\t<\/div>\n\t\t\t\t<\/div>\n\t\t","protected":false},"excerpt":{"rendered":"<p>A projekt tartalm\u00e1nak bemutat\u00e1sa A projekt c\u00e9lja kifejleszteni egy professzion\u00e1lis, orvos \u00e1ltal alkalmazhat\u00f3, a beteg \u00e1ltal hordozhat\u00f3 (Holter t\u00edpus\u00fa) kis<\/p>\n","protected":false},"author":1,"featured_media":0,"parent":0,"menu_order":0,"comment_status":"closed","ping_status":"closed","template":"","meta":{"footnotes":""},"class_list":["post-18062","page","type-page","status-publish","hentry"],"yoast_head":"<!-- This site is optimized with the Yoast SEO Premium plugin v21.6 (Yoast SEO v24.6) - https:\/\/yoast.com\/wordpress\/plugins\/seo\/ -->\n<title>P\u00e1ly\u00e1zat | Arteriograph Company<\/title>\n<meta name=\"robots\" content=\"index, follow, max-snippet:-1, max-image-preview:large, max-video-preview:-1\" \/>\n<link rel=\"canonical\" href=\"https:\/\/tensiomed.com\/hu\/palyazat\/\" \/>\n<meta property=\"og:locale\" content=\"hu_HU\" \/>\n<meta property=\"og:type\" content=\"article\" \/>\n<meta property=\"og:title\" content=\"P\u00e1ly\u00e1zat\" \/>\n<meta property=\"og:description\" content=\"A projekt tartalm\u00e1nak bemutat\u00e1sa A projekt c\u00e9lja kifejleszteni egy professzion\u00e1lis, orvos \u00e1ltal alkalmazhat\u00f3, a beteg \u00e1ltal hordozhat\u00f3 (Holter t\u00edpus\u00fa) kis\" \/>\n<meta property=\"og:url\" content=\"https:\/\/tensiomed.com\/hu\/palyazat\/\" \/>\n<meta property=\"og:site_name\" content=\"Arteriograph Company\" \/>\n<meta property=\"article:publisher\" content=\"https:\/\/www.facebook.com\/tensiomed\" \/>\n<meta property=\"article:modified_time\" content=\"2024-07-22T18:01:48+00:00\" \/>\n<meta property=\"og:image\" content=\"https:\/\/tensiomed.com\/wp-content\/uploads\/2024\/07\/02.jpg\" \/>\n<meta name=\"twitter:card\" content=\"summary_large_image\" \/>\n<meta name=\"twitter:label1\" content=\"Becs\u00fclt olvas\u00e1si id\u0151\" \/>\n\t<meta name=\"twitter:data1\" content=\"2 perc\" \/>\n<script type=\"application\/ld+json\" class=\"yoast-schema-graph\">{\"@context\":\"https:\/\/schema.org\",\"@graph\":[{\"@type\":\"WebPage\",\"@id\":\"https:\/\/tensiomed.com\/hu\/palyazat\/\",\"url\":\"https:\/\/tensiomed.com\/hu\/palyazat\/\",\"name\":\"P\u00e1ly\u00e1zat | Arteriograph Company\",\"isPartOf\":{\"@id\":\"https:\/\/tensiomed.com\/#website\"},\"primaryImageOfPage\":{\"@id\":\"https:\/\/tensiomed.com\/hu\/palyazat\/#primaryimage\"},\"image\":{\"@id\":\"https:\/\/tensiomed.com\/hu\/palyazat\/#primaryimage\"},\"thumbnailUrl\":\"https:\/\/tensiomed.com\/wp-content\/uploads\/2024\/07\/02.jpg\",\"datePublished\":\"2024-07-22T15:27:22+00:00\",\"dateModified\":\"2024-07-22T18:01:48+00:00\",\"breadcrumb\":{\"@id\":\"https:\/\/tensiomed.com\/hu\/palyazat\/#breadcrumb\"},\"inLanguage\":\"hu\",\"potentialAction\":[{\"@type\":\"ReadAction\",\"target\":[\"https:\/\/tensiomed.com\/hu\/palyazat\/\"]}]},{\"@type\":\"ImageObject\",\"inLanguage\":\"hu\",\"@id\":\"https:\/\/tensiomed.com\/hu\/palyazat\/#primaryimage\",\"url\":\"https:\/\/tensiomed.com\/wp-content\/uploads\/2024\/07\/02.jpg\",\"contentUrl\":\"https:\/\/tensiomed.com\/wp-content\/uploads\/2024\/07\/02.jpg\"},{\"@type\":\"BreadcrumbList\",\"@id\":\"https:\/\/tensiomed.com\/hu\/palyazat\/#breadcrumb\",\"itemListElement\":[{\"@type\":\"ListItem\",\"position\":1,\"name\":\"Home\",\"item\":\"https:\/\/tensiomed.com\/\"},{\"@type\":\"ListItem\",\"position\":2,\"name\":\"P\u00e1ly\u00e1zat\"}]},{\"@type\":\"WebSite\",\"@id\":\"https:\/\/tensiomed.com\/#website\",\"url\":\"https:\/\/tensiomed.com\/\",\"name\":\"Arteriograph Company\",\"description\":\"Pulse Wave Analysis &amp; Arterial Stiffness\",\"publisher\":{\"@id\":\"https:\/\/tensiomed.com\/#organization\"},\"potentialAction\":[{\"@type\":\"SearchAction\",\"target\":{\"@type\":\"EntryPoint\",\"urlTemplate\":\"https:\/\/tensiomed.com\/?s={search_term_string}\"},\"query-input\":{\"@type\":\"PropertyValueSpecification\",\"valueRequired\":true,\"valueName\":\"search_term_string\"}}],\"inLanguage\":\"hu\"},{\"@type\":\"Organization\",\"@id\":\"https:\/\/tensiomed.com\/#organization\",\"name\":\"Arteriograph Company\",\"url\":\"https:\/\/tensiomed.com\/\",\"logo\":{\"@type\":\"ImageObject\",\"inLanguage\":\"hu\",\"@id\":\"https:\/\/tensiomed.com\/#\/schema\/logo\/image\/\",\"url\":\"https:\/\/tensiomed.com\/wp-content\/uploads\/2024\/01\/new-logo.png\",\"contentUrl\":\"https:\/\/tensiomed.com\/wp-content\/uploads\/2024\/01\/new-logo.png\",\"width\":300,\"height\":80,\"caption\":\"Arteriograph Company\"},\"image\":{\"@id\":\"https:\/\/tensiomed.com\/#\/schema\/logo\/image\/\"},\"sameAs\":[\"https:\/\/www.facebook.com\/tensiomed\",\"https:\/\/www.linkedin.com\/company\/tensiomed\/\"]}]}<\/script>\n<!-- \/ Yoast SEO Premium plugin. -->","yoast_head_json":{"title":"P\u00e1ly\u00e1zat | Arteriograph Company","robots":{"index":"index","follow":"follow","max-snippet":"max-snippet:-1","max-image-preview":"max-image-preview:large","max-video-preview":"max-video-preview:-1"},"canonical":"https:\/\/tensiomed.com\/hu\/palyazat\/","og_locale":"hu_HU","og_type":"article","og_title":"P\u00e1ly\u00e1zat","og_description":"A projekt tartalm\u00e1nak bemutat\u00e1sa A projekt c\u00e9lja kifejleszteni egy professzion\u00e1lis, orvos \u00e1ltal alkalmazhat\u00f3, a beteg \u00e1ltal hordozhat\u00f3 (Holter t\u00edpus\u00fa) kis","og_url":"https:\/\/tensiomed.com\/hu\/palyazat\/","og_site_name":"Arteriograph Company","article_publisher":"https:\/\/www.facebook.com\/tensiomed","article_modified_time":"2024-07-22T18:01:48+00:00","og_image":[{"url":"https:\/\/tensiomed.com\/wp-content\/uploads\/2024\/07\/02.jpg","type":"","width":"","height":""}],"twitter_card":"summary_large_image","twitter_misc":{"Becs\u00fclt olvas\u00e1si id\u0151":"2 perc"},"schema":{"@context":"https:\/\/schema.org","@graph":[{"@type":"WebPage","@id":"https:\/\/tensiomed.com\/hu\/palyazat\/","url":"https:\/\/tensiomed.com\/hu\/palyazat\/","name":"P\u00e1ly\u00e1zat | Arteriograph Company","isPartOf":{"@id":"https:\/\/tensiomed.com\/#website"},"primaryImageOfPage":{"@id":"https:\/\/tensiomed.com\/hu\/palyazat\/#primaryimage"},"image":{"@id":"https:\/\/tensiomed.com\/hu\/palyazat\/#primaryimage"},"thumbnailUrl":"https:\/\/tensiomed.com\/wp-content\/uploads\/2024\/07\/02.jpg","datePublished":"2024-07-22T15:27:22+00:00","dateModified":"2024-07-22T18:01:48+00:00","breadcrumb":{"@id":"https:\/\/tensiomed.com\/hu\/palyazat\/#breadcrumb"},"inLanguage":"hu","potentialAction":[{"@type":"ReadAction","target":["https:\/\/tensiomed.com\/hu\/palyazat\/"]}]},{"@type":"ImageObject","inLanguage":"hu","@id":"https:\/\/tensiomed.com\/hu\/palyazat\/#primaryimage","url":"https:\/\/tensiomed.com\/wp-content\/uploads\/2024\/07\/02.jpg","contentUrl":"https:\/\/tensiomed.com\/wp-content\/uploads\/2024\/07\/02.jpg"},{"@type":"BreadcrumbList","@id":"https:\/\/tensiomed.com\/hu\/palyazat\/#breadcrumb","itemListElement":[{"@type":"ListItem","position":1,"name":"Home","item":"https:\/\/tensiomed.com\/"},{"@type":"ListItem","position":2,"name":"P\u00e1ly\u00e1zat"}]},{"@type":"WebSite","@id":"https:\/\/tensiomed.com\/#website","url":"https:\/\/tensiomed.com\/","name":"Arteriograph Company","description":"Pulse Wave Analysis &amp; Arterial Stiffness","publisher":{"@id":"https:\/\/tensiomed.com\/#organization"},"potentialAction":[{"@type":"SearchAction","target":{"@type":"EntryPoint","urlTemplate":"https:\/\/tensiomed.com\/?s={search_term_string}"},"query-input":{"@type":"PropertyValueSpecification","valueRequired":true,"valueName":"search_term_string"}}],"inLanguage":"hu"},{"@type":"Organization","@id":"https:\/\/tensiomed.com\/#organization","name":"Arteriograph Company","url":"https:\/\/tensiomed.com\/","logo":{"@type":"ImageObject","inLanguage":"hu","@id":"https:\/\/tensiomed.com\/#\/schema\/logo\/image\/","url":"https:\/\/tensiomed.com\/wp-content\/uploads\/2024\/01\/new-logo.png","contentUrl":"https:\/\/tensiomed.com\/wp-content\/uploads\/2024\/01\/new-logo.png","width":300,"height":80,"caption":"Arteriograph Company"},"image":{"@id":"https:\/\/tensiomed.com\/#\/schema\/logo\/image\/"},"sameAs":["https:\/\/www.facebook.com\/tensiomed","https:\/\/www.linkedin.com\/company\/tensiomed\/"]}]}},"_links":{"self":[{"href":"https:\/\/tensiomed.com\/hu\/wp-json\/wp\/v2\/pages\/18062","targetHints":{"allow":["GET"]}}],"collection":[{"href":"https:\/\/tensiomed.com\/hu\/wp-json\/wp\/v2\/pages"}],"about":[{"href":"https:\/\/tensiomed.com\/hu\/wp-json\/wp\/v2\/types\/page"}],"author":[{"embeddable":true,"href":"https:\/\/tensiomed.com\/hu\/wp-json\/wp\/v2\/users\/1"}],"replies":[{"embeddable":true,"href":"https:\/\/tensiomed.com\/hu\/wp-json\/wp\/v2\/comments?post=18062"}],"version-history":[{"count":20,"href":"https:\/\/tensiomed.com\/hu\/wp-json\/wp\/v2\/pages\/18062\/revisions"}],"predecessor-version":[{"id":18115,"href":"https:\/\/tensiomed.com\/hu\/wp-json\/wp\/v2\/pages\/18062\/revisions\/18115"}],"wp:attachment":[{"href":"https:\/\/tensiomed.com\/hu\/wp-json\/wp\/v2\/media?parent=18062"}],"curies":[{"name":"wp","href":"https:\/\/api.w.org\/{rel}","templated":true}]}}